{"id":399,"date":"2024-03-23T09:32:49","date_gmt":"2024-03-23T12:32:49","guid":{"rendered":"https:\/\/marianista.edu.ar\/?page_id=399"},"modified":"2024-05-17T11:55:11","modified_gmt":"2024-05-17T14:55:11","slug":"pastoral","status":"publish","type":"page","link":"https:\/\/marianista.edu.ar\/index.php\/pastoral\/","title":{"rendered":"pastoral"},"content":{"rendered":"\t\t<div data-elementor-type=\"wp-page\" data-elementor-id=\"399\" class=\"elementor elementor-399\" data-elementor-post-type=\"page\">\n\t\t\t\t<div class=\"elementor-element elementor-element-6779923e e-con-full e-flex e-con e-parent\" data-id=\"6779923e\" data-element_type=\"container\" data-e-type=\"container\" data-settings=\"{&quot;background_background&quot;:&quot;classic&quot;,&quot;shape_divider_top&quot;:&quot;mountains&quot;}\">\n\t\t\t\t<div class=\"elementor-shape elementor-shape-top\" aria-hidden=\"true\" data-negative=\"false\">\n\t\t\t<svg xmlns=\"http:\/\/www.w3.org\/2000\/svg\" viewBox=\"0 0 1000 100\" preserveAspectRatio=\"none\">\n\t<path class=\"elementor-shape-fill\" opacity=\"0.33\" d=\"M473,67.3c-203.9,88.3-263.1-34-320.3,0C66,119.1,0,59.7,0,59.7V0h1000v59.7 c0,0-62.1,26.1-94.9,29.3c-32.8,3.3-62.8-12.3-75.8-22.1C806,49.6,745.3,8.7,694.9,4.7S492.4,59,473,67.3z\"\/>\n\t<path class=\"elementor-shape-fill\" opacity=\"0.66\" d=\"M734,67.3c-45.5,0-77.2-23.2-129.1-39.1c-28.6-8.7-150.3-10.1-254,39.1 s-91.7-34.4-149.2,0C115.7,118.3,0,39.8,0,39.8V0h1000v36.5c0,0-28.2-18.5-92.1-18.5C810.2,18.1,775.7,67.3,734,67.3z\"\/>\n\t<path class=\"elementor-shape-fill\" d=\"M766.1,28.9c-200-57.5-266,65.5-395.1,19.5C242,1.8,242,5.4,184.8,20.6C128,35.8,132.3,44.9,89.9,52.5C28.6,63.7,0,0,0,0 h1000c0,0-9.9,40.9-83.6,48.1S829.6,47,766.1,28.9z\"\/>\n<\/svg>\t\t<\/div>\n\t\t\t\t<\/div>\n\t\t<div class=\"elementor-element elementor-element-846f734 e-flex e-con-boxed e-con e-parent\" data-id=\"846f734\" data-element_type=\"container\" data-e-type=\"container\" data-settings=\"{&quot;background_background&quot;:&quot;classic&quot;}\">\n\t\t\t\t\t<div class=\"e-con-inner\">\n\t\t<div class=\"elementor-element elementor-element-6709eff5 e-con-full e-flex e-con e-child\" data-id=\"6709eff5\" data-element_type=\"container\" data-e-type=\"container\">\n\t\t\t\t<div class=\"elementor-element elementor-element-438f154a animated-slow elementor-invisible elementor-widget elementor-widget-heading\" data-id=\"438f154a\" data-element_type=\"widget\" data-e-type=\"widget\" data-settings=\"{&quot;_animation&quot;:&quot;slideInUp&quot;}\" data-widget_type=\"heading.default\">\n\t\t\t\t<div class=\"elementor-widget-container\">\n\t\t\t\t\t<h2 class=\"elementor-heading-title elementor-size-default\">pastoral<\/h2>\t\t\t\t<\/div>\n\t\t\t\t<\/div>\n\t\t\t\t<div class=\"elementor-element elementor-element-bfe3a27 elementor-widget elementor-widget-text-editor\" data-id=\"bfe3a27\" data-element_type=\"widget\" data-e-type=\"widget\" data-widget_type=\"text-editor.default\">\n\t\t\t\t<div class=\"elementor-widget-container\">\n\t\t\t\t\t\t\t\t\t<p><span style=\"font-weight: 400;\">Nuestro Colegio Marianista se caracteriza por brindar una educaci\u00f3n en la fe y tiene dos dimensiones fundamentales para su misi\u00f3n: \u201clo educativo\u201d y \u201clo pastoral\u201d. \u201c<\/span><i><span style=\"font-weight: 400;\">Ambas se implican mutuamente: si los marianistas educamos es para evangelizar y si evangelizamos lo hacemos educando. Porque para nosotros la educaci\u00f3n es una misi\u00f3n, y cada uno de los que formamos parte de esta Instituci\u00f3n somos misioneros, y cada centro educativo es una misi\u00f3n permanente.\u201d <\/span><\/i><span style=\"font-weight: 400;\">El Colegio Marianista de Caballito cuenta con varios espacios de evangelizaci\u00f3n. Desde las aulas y los patios hasta las salidas y los campamentos. Sabemos que, a trav\u00e9s de las lentes de Mar\u00eda, esposa y madre, llegamos a conocer mejor a Jes\u00fas Salvador.\u00a0<\/span><\/p><p><em><span style=\"font-weight: 400;\">En los tres Niveles intentamos vivir las cinco caracter\u00edsticas de la educaci\u00f3n marianista:<\/span><\/em><\/p><ol><li style=\"font-weight: 400;\" aria-level=\"1\"><em><span style=\"font-weight: 400;\">La formaci\u00f3n en la fe.\u00a0<\/span><\/em><\/li><li style=\"font-weight: 400;\" aria-level=\"1\"><em><span style=\"font-weight: 400;\">Una educaci\u00f3n integral de calidad.\u00a0<\/span><\/em><\/li><li style=\"font-weight: 400;\" aria-level=\"1\"><em><span style=\"font-weight: 400;\">El esp\u00edritu de familia.\u00a0<\/span><\/em><\/li><li style=\"font-weight: 400;\" aria-level=\"1\"><em><span style=\"font-weight: 400;\">Una educaci\u00f3n para el servicio, la justicia, la paz y la integridad de la Creaci\u00f3n.\u00a0<\/span><\/em><\/li><li style=\"font-weight: 400;\" aria-level=\"1\"><em><span style=\"font-weight: 400;\">La adaptaci\u00f3n y el cambio<\/span><\/em><\/li><\/ol><p><em>Como reza nuestro Proyecto educativo Pastoral: \u201cestas caracter\u00edsticas van dirigidas a todos los que trabajan en centros educativos marianistas: equipos de direcci\u00f3n, docentes, padres, alumnos y personal auxiliar. A todos se les invita a trabajar unidos, adaptando la tradici\u00f3n marianista al momento actual y, m\u00e1s concretamente, a la vida diaria de los centros educativos.\u201d<\/em><\/p>\t\t\t\t\t\t\t\t<\/div>\n\t\t\t\t<\/div>\n\t\t\t\t<\/div>\n\t\t<div class=\"elementor-element elementor-element-b5c0275 e-con-full e-flex e-con e-child\" data-id=\"b5c0275\" data-element_type=\"container\" data-e-type=\"container\">\n\t\t\t\t<div class=\"elementor-element elementor-element-da57aea elementor-hidden-tablet elementor-hidden-mobile elementor-widget elementor-widget-image\" data-id=\"da57aea\" data-element_type=\"widget\" data-e-type=\"widget\" data-widget_type=\"image.default\">\n\t\t\t\t<div class=\"elementor-widget-container\">\n\t\t\t\t\t\t\t\t\t\t\t\t\t\t\t<img fetchpriority=\"high\" decoding=\"async\" width=\"1024\" height=\"683\" src=\"https:\/\/marianista.edu.ar\/wp-content\/uploads\/2024\/04\/Rodillo-pastoral-1024x683.jpg\" class=\"attachment-large size-large wp-image-1022\" alt=\"\" srcset=\"https:\/\/marianista.edu.ar\/wp-content\/uploads\/2024\/04\/Rodillo-pastoral-1024x683.jpg 1024w, https:\/\/marianista.edu.ar\/wp-content\/uploads\/2024\/04\/Rodillo-pastoral-300x200.jpg 300w, https:\/\/marianista.edu.ar\/wp-content\/uploads\/2024\/04\/Rodillo-pastoral-768x512.jpg 768w, https:\/\/marianista.edu.ar\/wp-content\/uploads\/2024\/04\/Rodillo-pastoral-1536x1024.jpg 1536w, https:\/\/marianista.edu.ar\/wp-content\/uploads\/2024\/04\/Rodillo-pastoral-2048x1365.jpg 2048w\" sizes=\"(max-width: 1024px) 100vw, 1024px\" \/>\t\t\t\t\t\t\t\t\t\t\t\t\t\t\t<\/div>\n\t\t\t\t<\/div>\n\t\t\t\t<\/div>\n\t\t\t\t\t<\/div>\n\t\t\t\t<\/div>\n\t\t<div class=\"elementor-element elementor-element-3c16e14 e-flex e-con-boxed e-con e-parent\" data-id=\"3c16e14\" data-element_type=\"container\" data-e-type=\"container\" data-settings=\"{&quot;background_background&quot;:&quot;classic&quot;,&quot;shape_divider_bottom&quot;:&quot;mountains&quot;}\">\n\t\t\t\t\t<div class=\"e-con-inner\">\n\t\t\t\t<div class=\"elementor-shape elementor-shape-bottom\" aria-hidden=\"true\" data-negative=\"false\">\n\t\t\t<svg xmlns=\"http:\/\/www.w3.org\/2000\/svg\" viewBox=\"0 0 1000 100\" preserveAspectRatio=\"none\">\n\t<path class=\"elementor-shape-fill\" opacity=\"0.33\" d=\"M473,67.3c-203.9,88.3-263.1-34-320.3,0C66,119.1,0,59.7,0,59.7V0h1000v59.7 c0,0-62.1,26.1-94.9,29.3c-32.8,3.3-62.8-12.3-75.8-22.1C806,49.6,745.3,8.7,694.9,4.7S492.4,59,473,67.3z\"\/>\n\t<path class=\"elementor-shape-fill\" opacity=\"0.66\" d=\"M734,67.3c-45.5,0-77.2-23.2-129.1-39.1c-28.6-8.7-150.3-10.1-254,39.1 s-91.7-34.4-149.2,0C115.7,118.3,0,39.8,0,39.8V0h1000v36.5c0,0-28.2-18.5-92.1-18.5C810.2,18.1,775.7,67.3,734,67.3z\"\/>\n\t<path class=\"elementor-shape-fill\" d=\"M766.1,28.9c-200-57.5-266,65.5-395.1,19.5C242,1.8,242,5.4,184.8,20.6C128,35.8,132.3,44.9,89.9,52.5C28.6,63.7,0,0,0,0 h1000c0,0-9.9,40.9-83.6,48.1S829.6,47,766.1,28.9z\"\/>\n<\/svg>\t\t<\/div>\n\t\t\t\t<div class=\"elementor-element elementor-element-9faff0a elementor-widget elementor-widget-toggle\" data-id=\"9faff0a\" data-element_type=\"widget\" data-e-type=\"widget\" data-widget_type=\"toggle.default\">\n\t\t\t\t<div class=\"elementor-widget-container\">\n\t\t\t\t\t\t\t<div class=\"elementor-toggle\">\n\t\t\t\t\t\t\t<div class=\"elementor-toggle-item\">\n\t\t\t\t\t<h3 id=\"elementor-tab-title-1671\" class=\"elementor-tab-title\" data-tab=\"1\" role=\"button\" aria-controls=\"elementor-tab-content-1671\" aria-expanded=\"false\">\n\t\t\t\t\t\t\t\t\t\t\t\t<span class=\"elementor-toggle-icon elementor-toggle-icon-right\" aria-hidden=\"true\">\n\t\t\t\t\t\t\t\t\t\t\t\t\t\t\t<span class=\"elementor-toggle-icon-closed\"><svg class=\"e-font-icon-svg e-fas-angle-double-down\" viewBox=\"0 0 320 512\" xmlns=\"http:\/\/www.w3.org\/2000\/svg\"><path d=\"M143 256.3L7 120.3c-9.4-9.4-9.4-24.6 0-33.9l22.6-22.6c9.4-9.4 24.6-9.4 33.9 0l96.4 96.4 96.4-96.4c9.4-9.4 24.6-9.4 33.9 0L313 86.3c9.4 9.4 9.4 24.6 0 33.9l-136 136c-9.4 9.5-24.6 9.5-34 .1zm34 192l136-136c9.4-9.4 9.4-24.6 0-33.9l-22.6-22.6c-9.4-9.4-24.6-9.4-33.9 0L160 352.1l-96.4-96.4c-9.4-9.4-24.6-9.4-33.9 0L7 278.3c-9.4 9.4-9.4 24.6 0 33.9l136 136c9.4 9.5 24.6 9.5 34 .1z\"><\/path><\/svg><\/span>\n\t\t\t\t\t\t\t\t<span class=\"elementor-toggle-icon-opened\"><svg class=\"elementor-toggle-icon-opened e-font-icon-svg e-fas-minus\" viewBox=\"0 0 448 512\" xmlns=\"http:\/\/www.w3.org\/2000\/svg\"><path d=\"M416 208H32c-17.67 0-32 14.33-32 32v32c0 17.67 14.33 32 32 32h384c17.67 0 32-14.33 32-32v-32c0-17.67-14.33-32-32-32z\"><\/path><\/svg><\/span>\n\t\t\t\t\t\t\t\t\t\t\t\t\t<\/span>\n\t\t\t\t\t\t\t\t\t\t\t\t<a class=\"elementor-toggle-title\" tabindex=\"0\">Propuesta pastoral del Nivel Inicial<\/a>\n\t\t\t\t\t<\/h3>\n\n\t\t\t\t\t<div id=\"elementor-tab-content-1671\" class=\"elementor-tab-content elementor-clearfix\" data-tab=\"1\" role=\"region\" aria-labelledby=\"elementor-tab-title-1671\"><p><span style=\"font-weight: 400;\">En <\/span><b>Nivel Inicial<\/b><span style=\"font-weight: 400;\"> contamos con una pastoral y catequesis que ense\u00f1a las virtudes de la Sagrada Familia de Nazaret (Mar\u00eda, Jos\u00e9 y Jes\u00fas ni\u00f1o). Educamos en la oraci\u00f3n y en la construcci\u00f3n del espacio orante familiar que ayuda a ni\u00f1as y ni\u00f1os a descubrir la interioridad, es decir, las propias virtudes y emociones.<\/span><\/p><\/div>\n\t\t\t\t<\/div>\n\t\t\t\t\t\t\t<div class=\"elementor-toggle-item\">\n\t\t\t\t\t<h3 id=\"elementor-tab-title-1672\" class=\"elementor-tab-title\" data-tab=\"2\" role=\"button\" aria-controls=\"elementor-tab-content-1672\" aria-expanded=\"false\">\n\t\t\t\t\t\t\t\t\t\t\t\t<span class=\"elementor-toggle-icon elementor-toggle-icon-right\" aria-hidden=\"true\">\n\t\t\t\t\t\t\t\t\t\t\t\t\t\t\t<span class=\"elementor-toggle-icon-closed\"><svg class=\"e-font-icon-svg e-fas-angle-double-down\" viewBox=\"0 0 320 512\" xmlns=\"http:\/\/www.w3.org\/2000\/svg\"><path d=\"M143 256.3L7 120.3c-9.4-9.4-9.4-24.6 0-33.9l22.6-22.6c9.4-9.4 24.6-9.4 33.9 0l96.4 96.4 96.4-96.4c9.4-9.4 24.6-9.4 33.9 0L313 86.3c9.4 9.4 9.4 24.6 0 33.9l-136 136c-9.4 9.5-24.6 9.5-34 .1zm34 192l136-136c9.4-9.4 9.4-24.6 0-33.9l-22.6-22.6c-9.4-9.4-24.6-9.4-33.9 0L160 352.1l-96.4-96.4c-9.4-9.4-24.6-9.4-33.9 0L7 278.3c-9.4 9.4-9.4 24.6 0 33.9l136 136c9.4 9.5 24.6 9.5 34 .1z\"><\/path><\/svg><\/span>\n\t\t\t\t\t\t\t\t<span class=\"elementor-toggle-icon-opened\"><svg class=\"elementor-toggle-icon-opened e-font-icon-svg e-fas-minus\" viewBox=\"0 0 448 512\" xmlns=\"http:\/\/www.w3.org\/2000\/svg\"><path d=\"M416 208H32c-17.67 0-32 14.33-32 32v32c0 17.67 14.33 32 32 32h384c17.67 0 32-14.33 32-32v-32c0-17.67-14.33-32-32-32z\"><\/path><\/svg><\/span>\n\t\t\t\t\t\t\t\t\t\t\t\t\t<\/span>\n\t\t\t\t\t\t\t\t\t\t\t\t<a class=\"elementor-toggle-title\" tabindex=\"0\">Propuesta pastoral del Nivel Primario<\/a>\n\t\t\t\t\t<\/h3>\n\n\t\t\t\t\t<div id=\"elementor-tab-content-1672\" class=\"elementor-tab-content elementor-clearfix\" data-tab=\"2\" role=\"region\" aria-labelledby=\"elementor-tab-title-1672\"><p><span style=\"font-weight: 400;\">El <\/span><b>Nivel Primario<\/b><span style=\"font-weight: 400;\"> ense\u00f1a las artes de la lectura b\u00edblica, en 3er grado celebramos la Entrega de la Palabra de Dios, la cual se enmarca en la b\u00fasqueda del Creador a trav\u00e9s de la diversidad de los conocimientos humanos, atravesando as\u00ed, todas las asignaturas. Se invita a peregrinar los senderos de interioridad que hacen descubrir una espiritualidad de Jes\u00fas y lo hacemos a trav\u00e9s de la Catequesis, la Pastoral infantil y las experiencias de convivencias-campamentos. Si bien, en todo el trayecto escolar se invita a la preparaci\u00f3n y celebraci\u00f3n sacramental; en 4to grado celebramos el Sacramento de la Reconciliaci\u00f3n, en 5to grado la Eucarist\u00eda (Primera Comuni\u00f3n) y en 6to grado la Consagraci\u00f3n a Mar\u00eda. La Catequesis y Pastoral llegan a su conclusi\u00f3n del trayecto del Nivel Primario con la Convivencia-Campamento a la Colonia Marianista de C\u00f3rdoba, en 7mo grado. All\u00ed se corona todo lo aprendido en la experiencia de ser comunidad durante una semana. Ser marianistas es formar comunidades cristianas.\u00a0<\/span><\/p><\/div>\n\t\t\t\t<\/div>\n\t\t\t\t\t\t\t<div class=\"elementor-toggle-item\">\n\t\t\t\t\t<h3 id=\"elementor-tab-title-1673\" class=\"elementor-tab-title\" data-tab=\"3\" role=\"button\" aria-controls=\"elementor-tab-content-1673\" aria-expanded=\"false\">\n\t\t\t\t\t\t\t\t\t\t\t\t<span class=\"elementor-toggle-icon elementor-toggle-icon-right\" aria-hidden=\"true\">\n\t\t\t\t\t\t\t\t\t\t\t\t\t\t\t<span class=\"elementor-toggle-icon-closed\"><svg class=\"e-font-icon-svg e-fas-angle-double-down\" viewBox=\"0 0 320 512\" xmlns=\"http:\/\/www.w3.org\/2000\/svg\"><path d=\"M143 256.3L7 120.3c-9.4-9.4-9.4-24.6 0-33.9l22.6-22.6c9.4-9.4 24.6-9.4 33.9 0l96.4 96.4 96.4-96.4c9.4-9.4 24.6-9.4 33.9 0L313 86.3c9.4 9.4 9.4 24.6 0 33.9l-136 136c-9.4 9.5-24.6 9.5-34 .1zm34 192l136-136c9.4-9.4 9.4-24.6 0-33.9l-22.6-22.6c-9.4-9.4-24.6-9.4-33.9 0L160 352.1l-96.4-96.4c-9.4-9.4-24.6-9.4-33.9 0L7 278.3c-9.4 9.4-9.4 24.6 0 33.9l136 136c9.4 9.5 24.6 9.5 34 .1z\"><\/path><\/svg><\/span>\n\t\t\t\t\t\t\t\t<span class=\"elementor-toggle-icon-opened\"><svg class=\"elementor-toggle-icon-opened e-font-icon-svg e-fas-minus\" viewBox=\"0 0 448 512\" xmlns=\"http:\/\/www.w3.org\/2000\/svg\"><path d=\"M416 208H32c-17.67 0-32 14.33-32 32v32c0 17.67 14.33 32 32 32h384c17.67 0 32-14.33 32-32v-32c0-17.67-14.33-32-32-32z\"><\/path><\/svg><\/span>\n\t\t\t\t\t\t\t\t\t\t\t\t\t<\/span>\n\t\t\t\t\t\t\t\t\t\t\t\t<a class=\"elementor-toggle-title\" tabindex=\"0\">Propuesta pastoral del Nivel Secundario<\/a>\n\t\t\t\t\t<\/h3>\n\n\t\t\t\t\t<div id=\"elementor-tab-content-1673\" class=\"elementor-tab-content elementor-clearfix\" data-tab=\"3\" role=\"region\" aria-labelledby=\"elementor-tab-title-1673\"><p><span style=\"font-weight: 400;\">En el <\/span><b>Nivel Secundario<\/b><span style=\"font-weight: 400;\">, la Catequesis y la Pastoral hacen foco en el servicio a los m\u00e1s fr\u00e1giles de la sociedad y a los empobrecidos de la Patria. Comprendemos que la plasmaci\u00f3n de la vida cristiana est\u00e1 arraigada a las pr\u00e1cticas del mismo Jes\u00fas y los ap\u00f3stoles: <\/span><i><span style=\"font-weight: 400;\">amar al pr\u00f3jimo y servirlo<\/span><\/i><span style=\"font-weight: 400;\">. Para ello, invitamos a las y los estudiantes a participar de diversas obras de misericordia: Noche de la caridad, desayunos de la caridad, Proyecto Servir, Apoyo escolar, servicios apost\u00f3licos y misiones. Tambi\u00e9n se ofrece el espacio de Pastoral juvenil que es el lugar de encuentro en torno a Jes\u00fas para reflexionar y descubrir el valor de la fe en todos los \u00e1mbitos de la vida.\u00a0<\/span><\/p><\/div>\n\t\t\t\t<\/div>\n\t\t\t\t\t\t\t<div class=\"elementor-toggle-item\">\n\t\t\t\t\t<h3 id=\"elementor-tab-title-1674\" class=\"elementor-tab-title\" data-tab=\"4\" role=\"button\" aria-controls=\"elementor-tab-content-1674\" aria-expanded=\"false\">\n\t\t\t\t\t\t\t\t\t\t\t\t<span class=\"elementor-toggle-icon elementor-toggle-icon-right\" aria-hidden=\"true\">\n\t\t\t\t\t\t\t\t\t\t\t\t\t\t\t<span class=\"elementor-toggle-icon-closed\"><svg class=\"e-font-icon-svg e-fas-angle-double-down\" viewBox=\"0 0 320 512\" xmlns=\"http:\/\/www.w3.org\/2000\/svg\"><path d=\"M143 256.3L7 120.3c-9.4-9.4-9.4-24.6 0-33.9l22.6-22.6c9.4-9.4 24.6-9.4 33.9 0l96.4 96.4 96.4-96.4c9.4-9.4 24.6-9.4 33.9 0L313 86.3c9.4 9.4 9.4 24.6 0 33.9l-136 136c-9.4 9.5-24.6 9.5-34 .1zm34 192l136-136c9.4-9.4 9.4-24.6 0-33.9l-22.6-22.6c-9.4-9.4-24.6-9.4-33.9 0L160 352.1l-96.4-96.4c-9.4-9.4-24.6-9.4-33.9 0L7 278.3c-9.4 9.4-9.4 24.6 0 33.9l136 136c9.4 9.5 24.6 9.5 34 .1z\"><\/path><\/svg><\/span>\n\t\t\t\t\t\t\t\t<span class=\"elementor-toggle-icon-opened\"><svg class=\"elementor-toggle-icon-opened e-font-icon-svg e-fas-minus\" viewBox=\"0 0 448 512\" xmlns=\"http:\/\/www.w3.org\/2000\/svg\"><path d=\"M416 208H32c-17.67 0-32 14.33-32 32v32c0 17.67 14.33 32 32 32h384c17.67 0 32-14.33 32-32v-32c0-17.67-14.33-32-32-32z\"><\/path><\/svg><\/span>\n\t\t\t\t\t\t\t\t\t\t\t\t\t<\/span>\n\t\t\t\t\t\t\t\t\t\t\t\t<a class=\"elementor-toggle-title\" tabindex=\"0\">Propuesta pastoral de Pastoral Adultos<\/a>\n\t\t\t\t\t<\/h3>\n\n\t\t\t\t\t<div id=\"elementor-tab-content-1674\" class=\"elementor-tab-content elementor-clearfix\" data-tab=\"4\" role=\"region\" aria-labelledby=\"elementor-tab-title-1674\"><p><span style=\"font-weight: 400;\">Nuestro Colegio cuenta con un equipo de <\/span><b>Pastoral de adultos<\/b><span style=\"font-weight: 400;\">, quienes acompa\u00f1an a las familias en todo este sendero de evangelizaci\u00f3n. As\u00ed comprendemos la vida escolar: no ingresa un estudiante, ingresa una familia que se hace familia marianista.<\/span><\/p><\/div>\n\t\t\t\t<\/div>\n\t\t\t\t\t\t\t\t<\/div>\n\t\t\t\t\t\t<\/div>\n\t\t\t\t<\/div>\n\t\t\t\t<div class=\"elementor-element elementor-element-d7bf071 elementor-widget elementor-widget-spacer\" data-id=\"d7bf071\" data-element_type=\"widget\" data-e-type=\"widget\" data-widget_type=\"spacer.default\">\n\t\t\t\t<div class=\"elementor-widget-container\">\n\t\t\t\t\t\t\t<div class=\"elementor-spacer\">\n\t\t\t<div class=\"elementor-spacer-inner\"><\/div>\n\t\t<\/div>\n\t\t\t\t\t\t<\/div>\n\t\t\t\t<\/div>\n\t\t\t\t\t<\/div>\n\t\t\t\t<\/div>\n\t\t\t\t<\/div>\n\t\t","protected":false},"excerpt":{"rendered":"<p>pastoral Nuestro Colegio Marianista se caracteriza por brindar una educaci\u00f3n en la fe y tiene dos dimensiones fundamentales para su misi\u00f3n: \u201clo educativo\u201d y \u201clo pastoral\u201d. \u201cAmbas se implican mutuamente: si los marianistas educamos es para evangelizar y si evangelizamos lo hacemos educando. Porque para nosotros la educaci\u00f3n es una misi\u00f3n, y cada uno de [&hellip;]<\/p>\n","protected":false},"author":1,"featured_media":0,"parent":0,"menu_order":0,"comment_status":"closed","ping_status":"closed","template":"","meta":{"footnotes":""},"class_list":["post-399","page","type-page","status-publish","hentry"],"_links":{"self":[{"href":"https:\/\/marianista.edu.ar\/index.php\/wp-json\/wp\/v2\/pages\/399","targetHints":{"allow":["GET"]}}],"collection":[{"href":"https:\/\/marianista.edu.ar\/index.php\/wp-json\/wp\/v2\/pages"}],"about":[{"href":"https:\/\/marianista.edu.ar\/index.php\/wp-json\/wp\/v2\/types\/page"}],"author":[{"embeddable":true,"href":"https:\/\/marianista.edu.ar\/index.php\/wp-json\/wp\/v2\/users\/1"}],"replies":[{"embeddable":true,"href":"https:\/\/marianista.edu.ar\/index.php\/wp-json\/wp\/v2\/comments?post=399"}],"version-history":[{"count":59,"href":"https:\/\/marianista.edu.ar\/index.php\/wp-json\/wp\/v2\/pages\/399\/revisions"}],"predecessor-version":[{"id":1181,"href":"https:\/\/marianista.edu.ar\/index.php\/wp-json\/wp\/v2\/pages\/399\/revisions\/1181"}],"wp:attachment":[{"href":"https:\/\/marianista.edu.ar\/index.php\/wp-json\/wp\/v2\/media?parent=399"}],"curies":[{"name":"wp","href":"https:\/\/api.w.org\/{rel}","templated":true}]}}